{"id":244,"date":"2026-01-14T09:38:17","date_gmt":"2026-01-14T09:38:17","guid":{"rendered":"https:\/\/cultofmyth.com\/?page_id=244"},"modified":"2026-01-14T10:14:10","modified_gmt":"2026-01-14T10:14:10","slug":"colecciones","status":"publish","type":"page","link":"https:\/\/cultofmyth.com\/index.php\/colecciones\/","title":{"rendered":"Colecciones"},"content":{"rendered":"\t\t<div data-elementor-type=\"wp-page\" data-elementor-id=\"244\" class=\"elementor elementor-244\">\n\t\t\t\t<div class=\"elementor-element elementor-element-25f19ea e-flex e-con-boxed e-con e-parent\" data-id=\"25f19ea\" data-element_type=\"container\">\n\t\t\t\t\t<div class=\"e-con-inner\">\n\t\t\t\t<div class=\"elementor-element elementor-element-ae091e2 elementor-widget elementor-widget-html\" data-id=\"ae091e2\" data-element_type=\"widget\" data-widget_type=\"html.default\">\n\t\t\t\t\t<div class=\"cm-cols\">\r\n  <style>\r\n    .cm-cols{font-family:system-ui,-apple-system,Segoe UI,Roboto,Arial,sans-serif;width:100%}\r\n    .cm-cols__grid{display:grid;grid-template-columns:repeat(3,1fr);gap:26px;align-items:start}\r\n    .cm-col{text-decoration:none;color:#0b0b0b;display:block}\r\n    .cm-col__card{position:relative;aspect-ratio:1\/1;background:#ffffff;border:1px solid rgba(11,11,11,.10);overflow:hidden;display:flex;align-items:center;justify-content:center;transition:transform .18s ease,box-shadow .18s ease,border-color .18s ease}\r\n    .cm-col:hover .cm-col__card{transform:translateY(-3px);border-color:#f5c400;box-shadow:0 20px 40px rgba(0,0,0,.08)}\r\n    .cm-col__logo{position:relative;z-index:2;font-weight:1000;text-transform:uppercase;letter-spacing:-1px;font-size:clamp(34px,4vw,70px);line-height:1}\r\n    .cm-col__meta{display:flex;align-items:center;justify-content:space-between;gap:12px;margin-top:12px;font-size:14px;letter-spacing:.6px;text-transform:uppercase;font-weight:800}\r\n    .cm-col__arrow{font-weight:900}\r\n    @media (max-width:1024px){.cm-cols__grid{grid-template-columns:repeat(2,1fr)}}\r\n    @media (max-width:560px){.cm-cols__grid{grid-template-columns:1fr}}\r\n  <\/style>\r\n\r\n  <div class=\"cm-cols__grid\">\r\n\r\n    <a class=\"cm-col\" href=\"https:\/\/cultofmyth.com\/index.php\/gloria-boutique-product\/?coleccion=elysium\">\r\n      <div class=\"cm-col__card\"><div class=\"cm-col__logo\">ELYSIUM<\/div><\/div>\r\n      <div class=\"cm-col__meta\"><span>ELYSIUM<\/span><span class=\"cm-col__arrow\">\u2192<\/span><\/div>\r\n    <\/a>\r\n\r\n    <a class=\"cm-col\" href=\"https:\/\/cultofmyth.com\/index.php\/gloria-boutique-product\/?coleccion=wild\">\r\n      <div class=\"cm-col__card\"><div class=\"cm-col__logo\">WILD<\/div><\/div>\r\n      <div class=\"cm-col__meta\"><span>WILD<\/span><span class=\"cm-col__arrow\">\u2192<\/span><\/div>\r\n    <\/a>\r\n\r\n    <a class=\"cm-col\" href=\"https:\/\/cultofmyth.com\/index.php\/gloria-boutique-product\/?coleccion=classic\">\r\n      <div class=\"cm-col__card\"><div class=\"cm-col__logo\">CLASSIC<\/div><\/div>\r\n      <div class=\"cm-col__meta\"><span>CLASSIC<\/span><span class=\"cm-col__arrow\">\u2192<\/span><\/div>\r\n    <\/a>\r\n\r\n    <a class=\"cm-col\" href=\"https:\/\/cultofmyth.com\/index.php\/gloria-boutique-product\/?coleccion=myth\">\r\n      <div class=\"cm-col__card\"><div class=\"cm-col__logo\">MYTH<\/div><\/div>\r\n      <div class=\"cm-col__meta\"><span>MYTH<\/span><span class=\"cm-col__arrow\">\u2192<\/span><\/div>\r\n    <\/a>\r\n\r\n    <a class=\"cm-col\" href=\"https:\/\/cultofmyth.com\/index.php\/gloria-boutique-product\/?coleccion=legends\">\r\n      <div class=\"cm-col__card\"><div class=\"cm-col__logo\">LEGENDS<\/div><\/div>\r\n      <div class=\"cm-col__meta\"><span>LEGENDS<\/span><span class=\"cm-col__arrow\">\u2192<\/span><\/div>\r\n    <\/a>\r\n\r\n  <\/div>\r\n<\/div>\r\n\t\t\t\t<\/div>\n\t\t\t\t\t<\/div>\n\t\t\t\t<\/div>\n\t\t\t\t<\/div>\n\t\t","protected":false},"excerpt":{"rendered":"<p>ELYSIUM ELYSIUM\u2192 WILD WILD\u2192 CLASSIC CLASSIC\u2192 MYTH MYTH\u2192 LEGENDS LEGENDS\u2192<\/p>\n","protected":false},"author":1,"featured_media":0,"parent":0,"menu_order":0,"comment_status":"closed","ping_status":"closed","template":"","meta":{"_eb_attr":"","footnotes":""},"class_list":["post-244","page","type-page","status-publish","hentry"],"yoast_head":"<!-- This site is optimized with the Yoast SEO plugin v26.8 - https:\/\/yoast.com\/product\/yoast-seo-wordpress\/ -->\n<title>Colecciones - cult of myth<\/title>\n<meta name=\"robots\" content=\"index, follow, max-snippet:-1, max-image-preview:large, max-video-preview:-1\" \/>\n<link rel=\"canonical\" href=\"https:\/\/cultofmyth.com\/index.php\/colecciones\/\" \/>\n<meta property=\"og:locale\" content=\"es_ES\" \/>\n<meta property=\"og:type\" content=\"article\" \/>\n<meta property=\"og:title\" content=\"Colecciones - cult of myth\" \/>\n<meta property=\"og:description\" content=\"ELYSIUM ELYSIUM\u2192 WILD WILD\u2192 CLASSIC CLASSIC\u2192 MYTH MYTH\u2192 LEGENDS LEGENDS\u2192\" \/>\n<meta property=\"og:url\" content=\"https:\/\/cultofmyth.com\/index.php\/colecciones\/\" \/>\n<meta property=\"og:site_name\" content=\"cult of myth\" \/>\n<meta property=\"article:modified_time\" content=\"2026-01-14T10:14:10+00:00\" \/>\n<meta name=\"twitter:card\" content=\"summary_large_image\" \/>\n<meta name=\"twitter:label1\" content=\"Tiempo de lectura\" \/>\n\t<meta name=\"twitter:data1\" content=\"1 minuto\" \/>\n<script type=\"application\/ld+json\" class=\"yoast-schema-graph\">{\"@context\":\"https:\/\/schema.org\",\"@graph\":[{\"@type\":\"WebPage\",\"@id\":\"https:\/\/cultofmyth.com\/index.php\/colecciones\/\",\"url\":\"https:\/\/cultofmyth.com\/index.php\/colecciones\/\",\"name\":\"Colecciones - cult of myth\",\"isPartOf\":{\"@id\":\"https:\/\/cultofmyth.com\/#website\"},\"datePublished\":\"2026-01-14T09:38:17+00:00\",\"dateModified\":\"2026-01-14T10:14:10+00:00\",\"breadcrumb\":{\"@id\":\"https:\/\/cultofmyth.com\/index.php\/colecciones\/#breadcrumb\"},\"inLanguage\":\"es\",\"potentialAction\":[{\"@type\":\"ReadAction\",\"target\":[\"https:\/\/cultofmyth.com\/index.php\/colecciones\/\"]}]},{\"@type\":\"BreadcrumbList\",\"@id\":\"https:\/\/cultofmyth.com\/index.php\/colecciones\/#breadcrumb\",\"itemListElement\":[{\"@type\":\"ListItem\",\"position\":1,\"name\":\"Portada\",\"item\":\"https:\/\/cultofmyth.com\/\"},{\"@type\":\"ListItem\",\"position\":2,\"name\":\"Colecciones\"}]},{\"@type\":\"WebSite\",\"@id\":\"https:\/\/cultofmyth.com\/#website\",\"url\":\"https:\/\/cultofmyth.com\/\",\"name\":\"cult of myth\",\"description\":\"cult of myth es una marca de ropa urbana inspirada en la cultura street: camisetas oversize, sudaderas con capucha, pantalones cargo, ch\u00e1ndal premium y accesorios con identidad propia. Dise\u00f1os actuales, comodidad real y estilo para el d\u00eda a d\u00eda. Descubre nuestra colecci\u00f3n de streetwear con drops limitados, b\u00e1sicos esenciales y prendas pensadas para combinar en cualquier look. Moda urbana para quienes visten actitud.\",\"publisher\":{\"@id\":\"https:\/\/cultofmyth.com\/#organization\"},\"potentialAction\":[{\"@type\":\"SearchAction\",\"target\":{\"@type\":\"EntryPoint\",\"urlTemplate\":\"https:\/\/cultofmyth.com\/?s={search_term_string}\"},\"query-input\":{\"@type\":\"PropertyValueSpecification\",\"valueRequired\":true,\"valueName\":\"search_term_string\"}}],\"inLanguage\":\"es\"},{\"@type\":\"Organization\",\"@id\":\"https:\/\/cultofmyth.com\/#organization\",\"name\":\"cult of myth\",\"url\":\"https:\/\/cultofmyth.com\/\",\"logo\":{\"@type\":\"ImageObject\",\"inLanguage\":\"es\",\"@id\":\"https:\/\/cultofmyth.com\/#\/schema\/logo\/image\/\",\"url\":\"https:\/\/cultofmyth.com\/wp-content\/uploads\/2026\/01\/Sin_titulo_250_x_200_px_625_x_125_px_1.webp\",\"contentUrl\":\"https:\/\/cultofmyth.com\/wp-content\/uploads\/2026\/01\/Sin_titulo_250_x_200_px_625_x_125_px_1.webp\",\"width\":625,\"height\":125,\"caption\":\"cult of myth\"},\"image\":{\"@id\":\"https:\/\/cultofmyth.com\/#\/schema\/logo\/image\/\"}}]}<\/script>\n<!-- \/ Yoast SEO plugin. -->","yoast_head_json":{"title":"Colecciones - cult of myth","robots":{"index":"index","follow":"follow","max-snippet":"max-snippet:-1","max-image-preview":"max-image-preview:large","max-video-preview":"max-video-preview:-1"},"canonical":"https:\/\/cultofmyth.com\/index.php\/colecciones\/","og_locale":"es_ES","og_type":"article","og_title":"Colecciones - cult of myth","og_description":"ELYSIUM ELYSIUM\u2192 WILD WILD\u2192 CLASSIC CLASSIC\u2192 MYTH MYTH\u2192 LEGENDS LEGENDS\u2192","og_url":"https:\/\/cultofmyth.com\/index.php\/colecciones\/","og_site_name":"cult of myth","article_modified_time":"2026-01-14T10:14:10+00:00","twitter_card":"summary_large_image","twitter_misc":{"Tiempo de lectura":"1 minuto"},"schema":{"@context":"https:\/\/schema.org","@graph":[{"@type":"WebPage","@id":"https:\/\/cultofmyth.com\/index.php\/colecciones\/","url":"https:\/\/cultofmyth.com\/index.php\/colecciones\/","name":"Colecciones - cult of myth","isPartOf":{"@id":"https:\/\/cultofmyth.com\/#website"},"datePublished":"2026-01-14T09:38:17+00:00","dateModified":"2026-01-14T10:14:10+00:00","breadcrumb":{"@id":"https:\/\/cultofmyth.com\/index.php\/colecciones\/#breadcrumb"},"inLanguage":"es","potentialAction":[{"@type":"ReadAction","target":["https:\/\/cultofmyth.com\/index.php\/colecciones\/"]}]},{"@type":"BreadcrumbList","@id":"https:\/\/cultofmyth.com\/index.php\/colecciones\/#breadcrumb","itemListElement":[{"@type":"ListItem","position":1,"name":"Portada","item":"https:\/\/cultofmyth.com\/"},{"@type":"ListItem","position":2,"name":"Colecciones"}]},{"@type":"WebSite","@id":"https:\/\/cultofmyth.com\/#website","url":"https:\/\/cultofmyth.com\/","name":"cult of myth","description":"cult of myth es una marca de ropa urbana inspirada en la cultura street: camisetas oversize, sudaderas con capucha, pantalones cargo, ch\u00e1ndal premium y accesorios con identidad propia. Dise\u00f1os actuales, comodidad real y estilo para el d\u00eda a d\u00eda. Descubre nuestra colecci\u00f3n de streetwear con drops limitados, b\u00e1sicos esenciales y prendas pensadas para combinar en cualquier look. Moda urbana para quienes visten actitud.","publisher":{"@id":"https:\/\/cultofmyth.com\/#organization"},"potentialAction":[{"@type":"SearchAction","target":{"@type":"EntryPoint","urlTemplate":"https:\/\/cultofmyth.com\/?s={search_term_string}"},"query-input":{"@type":"PropertyValueSpecification","valueRequired":true,"valueName":"search_term_string"}}],"inLanguage":"es"},{"@type":"Organization","@id":"https:\/\/cultofmyth.com\/#organization","name":"cult of myth","url":"https:\/\/cultofmyth.com\/","logo":{"@type":"ImageObject","inLanguage":"es","@id":"https:\/\/cultofmyth.com\/#\/schema\/logo\/image\/","url":"https:\/\/cultofmyth.com\/wp-content\/uploads\/2026\/01\/Sin_titulo_250_x_200_px_625_x_125_px_1.webp","contentUrl":"https:\/\/cultofmyth.com\/wp-content\/uploads\/2026\/01\/Sin_titulo_250_x_200_px_625_x_125_px_1.webp","width":625,"height":125,"caption":"cult of myth"},"image":{"@id":"https:\/\/cultofmyth.com\/#\/schema\/logo\/image\/"}}]}},"jetpack_sharing_enabled":true,"_links":{"self":[{"href":"https:\/\/cultofmyth.com\/index.php\/wp-json\/wp\/v2\/pages\/244","targetHints":{"allow":["GET"]}}],"collection":[{"href":"https:\/\/cultofmyth.com\/index.php\/wp-json\/wp\/v2\/pages"}],"about":[{"href":"https:\/\/cultofmyth.com\/index.php\/wp-json\/wp\/v2\/types\/page"}],"author":[{"embeddable":true,"href":"https:\/\/cultofmyth.com\/index.php\/wp-json\/wp\/v2\/users\/1"}],"replies":[{"embeddable":true,"href":"https:\/\/cultofmyth.com\/index.php\/wp-json\/wp\/v2\/comments?post=244"}],"version-history":[{"count":7,"href":"https:\/\/cultofmyth.com\/index.php\/wp-json\/wp\/v2\/pages\/244\/revisions"}],"predecessor-version":[{"id":277,"href":"https:\/\/cultofmyth.com\/index.php\/wp-json\/wp\/v2\/pages\/244\/revisions\/277"}],"wp:attachment":[{"href":"https:\/\/cultofmyth.com\/index.php\/wp-json\/wp\/v2\/media?parent=244"}],"curies":[{"name":"wp","href":"https:\/\/api.w.org\/{rel}","templated":true}]}}