{"id":68,"date":"2026-01-13T15:16:19","date_gmt":"2026-01-13T15:16:19","guid":{"rendered":"https:\/\/cultofmyth.com\/index.php\/gloria-boutique-contact\/"},"modified":"2026-01-14T10:44:50","modified_gmt":"2026-01-14T10:44:50","slug":"gloria-boutique-contact","status":"publish","type":"page","link":"https:\/\/cultofmyth.com\/index.php\/gloria-boutique-contact\/","title":{"rendered":"Gloria-Boutique-Contact"},"content":{"rendered":"\t\t<div data-elementor-type=\"wp-page\" data-elementor-id=\"68\" class=\"elementor elementor-68\">\n\t\t\t\t\t\t<section class=\"elementor-section elementor-top-section elementor-element elementor-element-3e227ee elementor-section-boxed elementor-section-height-default elementor-section-height-default\" data-id=\"3e227ee\" data-element_type=\"section\">\n\t\t\t\t\t\t<div class=\"elementor-container elementor-column-gap-default\">\n\t\t\t\t\t<div class=\"elementor-column elementor-col-100 elementor-top-column elementor-element elementor-element-6153b4e\" data-id=\"6153b4e\" data-element_type=\"column\">\n\t\t\t<div class=\"elementor-widget-wrap elementor-element-populated\">\n\t\t\t\t\t\t<section class=\"elementor-section elementor-inner-section elementor-element elementor-element-46f6cc3 elementor-section-boxed elementor-section-height-default elementor-section-height-default\" data-id=\"46f6cc3\" data-element_type=\"section\">\n\t\t\t\t\t\t<div class=\"elementor-container elementor-column-gap-default\">\n\t\t\t\t\t<div class=\"elementor-column elementor-col-100 elementor-inner-column elementor-element elementor-element-9179df6\" data-id=\"9179df6\" data-element_type=\"column\">\n\t\t\t<div class=\"elementor-widget-wrap elementor-element-populated\">\n\t\t\t\t\t\t<div class=\"elementor-element elementor-element-2c38ed3 elementor-invisible elementor-widget elementor-widget-heading\" data-id=\"2c38ed3\" data-element_type=\"widget\" data-settings=\"{&quot;_animation&quot;:&quot;fadeInLeft&quot;}\" data-widget_type=\"heading.default\">\n\t\t\t\t\t<h2 class=\"elementor-heading-title elementor-size-default\">Contacto<\/h2>\t\t\t\t<\/div>\n\t\t<div class=\"elementor-element elementor-element-9fd553a e-flex e-con-boxed e-con e-parent\" data-id=\"9fd553a\" data-element_type=\"container\">\n\t\t\t\t\t<div class=\"e-con-inner\">\n\t\t\t\t<div class=\"elementor-element elementor-element-cb0052f elementor-widget elementor-widget-html\" data-id=\"cb0052f\" data-element_type=\"widget\" data-widget_type=\"html.default\">\n\t\t\t\t\t<div class=\"cm-contact\">\r\n  <style>\r\n    .cm-contact{\r\n      font-family: system-ui, -apple-system, Segoe UI, Roboto, Arial, sans-serif;\r\n      max-width: 760px;\r\n      margin: 0 auto;\r\n      color: #0b0b0b;\r\n    }\r\n\r\n    .cm-contact__title{\r\n      margin: 0 0 10px;\r\n      font-size: 44px;\r\n      font-weight: 1000;\r\n      letter-spacing: .2px;\r\n    }\r\n\r\n    .cm-contact__sub{\r\n      margin: 0 0 18px;\r\n      opacity: .75;\r\n      line-height: 1.4;\r\n      font-size: 16px;\r\n    }\r\n\r\n    .cm-contact__card{\r\n      border: 1px solid rgba(11,11,11,.12);\r\n      border-radius: 18px;\r\n      background: #fff;\r\n      padding: 18px;\r\n      box-shadow: 0 18px 50px rgba(0,0,0,.06);\r\n    }\r\n\r\n    .cm-row{\r\n      display: grid;\r\n      grid-template-columns: 1fr 1fr;\r\n      gap: 12px;\r\n    }\r\n\r\n    .cm-field{\r\n      display: flex;\r\n      flex-direction: column;\r\n      gap: 8px;\r\n      margin-bottom: 12px;\r\n    }\r\n\r\n    .cm-label{\r\n      font-weight: 900;\r\n      font-size: 13px;\r\n      text-transform: uppercase;\r\n      letter-spacing: .6px;\r\n      opacity: .8;\r\n    }\r\n\r\n    .cm-input, .cm-textarea{\r\n      border: 1px solid rgba(11,11,11,.12);\r\n      border-radius: 14px;\r\n      padding: 12px 14px;\r\n      font-size: 16px;\r\n      outline: none;\r\n    }\r\n\r\n    .cm-textarea{\r\n      min-height: 140px;\r\n      resize: vertical;\r\n    }\r\n\r\n    .cm-input:focus, .cm-textarea:focus{\r\n      border-color: #f5c400;\r\n      box-shadow: 0 0 0 4px rgba(245,196,0,.28);\r\n    }\r\n\r\n    .cm-actions{\r\n      display:flex;\r\n      gap: 10px;\r\n      align-items:center;\r\n      justify-content: space-between;\r\n      flex-wrap: wrap;\r\n      margin-top: 8px;\r\n    }\r\n\r\n    .cm-btn{\r\n      border: 0;\r\n      border-radius: 14px;\r\n      padding: 14px 18px;\r\n      font-weight: 1000;\r\n      letter-spacing: .4px;\r\n      text-transform: uppercase;\r\n      cursor: pointer;\r\n    }\r\n\r\n    .cm-btn--primary{\r\n      background:#0b0b0b;\r\n      color:#fff;\r\n    }\r\n    .cm-btn--primary:hover{\r\n      background:#f5c400;\r\n      color:#0b0b0b;\r\n    }\r\n\r\n    .cm-legal{\r\n      font-size: 12px;\r\n      opacity: .75;\r\n      line-height: 1.35;\r\n    }\r\n    .cm-legal a{\r\n      color:#0b0b0b;\r\n      font-weight: 900;\r\n      text-decoration: underline;\r\n    }\r\n\r\n    .cm-msg{\r\n      display:none;\r\n      padding: 12px 14px;\r\n      border-radius: 14px;\r\n      background: rgba(245,196,0,.22);\r\n      border: 1px solid rgba(245,196,0,.55);\r\n      font-weight: 800;\r\n    }\r\n    .cm-msg.show{ display:block; }\r\n\r\n    @media (max-width: 720px){\r\n      .cm-row{ grid-template-columns: 1fr; }\r\n      .cm-contact__title{ font-size: 34px; }\r\n    }\r\n  <\/style>\r\n\r\n  <p class=\"cm-contact__sub\">Cu\u00e9ntanos en qu\u00e9 podemos ayudarte y te responderemos lo antes posible.<\/p>\r\n\r\n  <div class=\"cm-contact__card\">\r\n    <form id=\"cmContactForm\">\r\n      <div class=\"cm-row\">\r\n        <div class=\"cm-field\">\r\n          <div class=\"cm-label\">Nombre<\/div>\r\n          <input class=\"cm-input\" type=\"text\" name=\"name\" placeholder=\"Tu nombre\" required>\r\n        <\/div>\r\n\r\n        <div class=\"cm-field\">\r\n          <div class=\"cm-label\">Email<\/div>\r\n          <input class=\"cm-input\" type=\"email\" name=\"email\" placeholder=\"tu@email.com\" required>\r\n        <\/div>\r\n      <\/div>\r\n\r\n      <div class=\"cm-field\">\r\n        <div class=\"cm-label\">Asunto<\/div>\r\n        <input class=\"cm-input\" type=\"text\" name=\"subject\" placeholder=\"Ej: Pedido, talla, env\u00edo...\" required>\r\n\t\t\t\t<\/div>\n\t\t\t\t\t<\/div>\n\t\t\t\t<\/div>\n\t\t\t\t\t<\/div>\n\t\t<\/div>\n\t\t\t\t\t<\/div>\n\t\t<\/section>\n\t\t\t\t<div class=\"elementor-element elementor-element-7c653ae animated-slow elementor-widget__width-auto elementor-absolute elementor-invisible elementor-widget elementor-widget-image\" data-id=\"7c653ae\" data-element_type=\"widget\" data-settings=\"{&quot;_animation&quot;:&quot;zoomIn&quot;,&quot;_position&quot;:&quot;absolute&quot;}\" data-widget_type=\"image.default\">\n\t\t\t\t\t\t\t\t\t\t\t\t\t\t\t<img decoding=\"async\" width=\"25\" height=\"25\" src=\"https:\/\/cultofmyth.com\/wp-content\/uploads\/2024\/03\/04fd4668-star.png\" class=\"attachment-full size-full wp-image-18\" alt=\"\" \/>\t\t\t\t\t\t\t\t\t\t\t\t\t\t\t<\/div>\n\t\t\t\t\t<\/div>\n\t\t<\/div>\n\t\t\t\t\t<\/div>\n\t\t<\/section>\n\t\t\t\t<section class=\"elementor-section elementor-top-section elementor-element elementor-element-1a51564 elementor-section-boxed elementor-section-height-default elementor-section-height-default\" data-id=\"1a51564\" data-element_type=\"section\" id=\"contact_section\">\n\t\t\t\t\t\t<div class=\"elementor-container elementor-column-gap-default\">\n\t\t\t\t\t<div class=\"elementor-column elementor-col-100 elementor-top-column elementor-element elementor-element-0a061a7\" data-id=\"0a061a7\" data-element_type=\"column\">\n\t\t\t<div class=\"elementor-widget-wrap elementor-element-populated\">\n\t\t\t\t\t\t<section class=\"elementor-section elementor-inner-section elementor-element elementor-element-e85ed9f elementor-section-boxed elementor-section-height-default elementor-section-height-default\" data-id=\"e85ed9f\" data-element_type=\"section\">\n\t\t\t\t\t\t<div class=\"elementor-container elementor-column-gap-default\">\n\t\t\t\t\t<div class=\"elementor-column elementor-col-33 elementor-inner-column elementor-element elementor-element-318239a\" data-id=\"318239a\" data-element_type=\"column\">\n\t\t\t<div class=\"elementor-widget-wrap elementor-element-populated\">\n\t\t\t\t\t\t<div class=\"elementor-element elementor-element-5cf4d4b eael-infobox-content-align--center eael-infobox-shape-square eael-infobox-hover-img-shape-square elementor-invisible elementor-widget elementor-widget-eael-info-box\" data-id=\"5cf4d4b\" data-element_type=\"widget\" data-settings=\"{&quot;_animation&quot;:&quot;fadeInDown&quot;}\" data-widget_type=\"eael-info-box.default\">\n\t\t\t\t\t        <div class=\"eael-infobox icon-on-top\">\n\t            <div class=\"infobox-icon\">\n\n                            <img decoding=\"async\" src=\"https:\/\/cultofmyth.com\/wp-content\/uploads\/2025\/07\/c35563b2-pin.png\" alt=\"\">\n            \n            \n            \n        <\/div>\n            <div class=\"infobox-content\">\n        <div><p>Valencia<\/p><\/div>        <\/div>\n            <\/div>\n\n\t\t\t\t\t\t<\/div>\n\t\t\t\t\t<\/div>\n\t\t<\/div>\n\t\t\t\t<div class=\"elementor-column elementor-col-33 elementor-inner-column elementor-element elementor-element-c09db03\" data-id=\"c09db03\" data-element_type=\"column\">\n\t\t\t<div class=\"elementor-widget-wrap elementor-element-populated\">\n\t\t\t\t\t\t<div class=\"elementor-element elementor-element-a0ce6c4 eael-infobox-content-align--center eael-infobox-shape-square eael-infobox-hover-img-shape-square elementor-invisible elementor-widget elementor-widget-eael-info-box\" data-id=\"a0ce6c4\" data-element_type=\"widget\" data-settings=\"{&quot;_animation&quot;:&quot;fadeInDown&quot;}\" data-widget_type=\"eael-info-box.default\">\n\t\t\t\t\t        <div class=\"eael-infobox icon-on-top\">\n\t            <div class=\"infobox-icon\">\n\n                            <img decoding=\"async\" src=\"https:\/\/cultofmyth.com\/wp-content\/uploads\/2025\/07\/10dd4433-vector.png\" alt=\"\">\n            \n            \n            \n        <\/div>\n            <div class=\"infobox-content\">\n        <div><p>+695721795<\/p><\/div>        <\/div>\n            <\/div>\n\n\t\t\t\t\t\t<\/div>\n\t\t\t\t\t<\/div>\n\t\t<\/div>\n\t\t\t\t<div class=\"elementor-column elementor-col-33 elementor-inner-column elementor-element elementor-element-e3943a2\" data-id=\"e3943a2\" data-element_type=\"column\">\n\t\t\t<div class=\"elementor-widget-wrap elementor-element-populated\">\n\t\t\t\t\t\t<div class=\"elementor-element elementor-element-1b61870 eael-infobox-content-align--center eael-infobox-shape-square eael-infobox-hover-img-shape-square elementor-invisible elementor-widget elementor-widget-eael-info-box\" data-id=\"1b61870\" data-element_type=\"widget\" data-settings=\"{&quot;_animation&quot;:&quot;fadeInDown&quot;}\" data-widget_type=\"eael-info-box.default\">\n\t\t\t\t\t        <div class=\"eael-infobox icon-on-top\">\n\t            <div class=\"infobox-icon\">\n\n                            <img decoding=\"async\" src=\"https:\/\/cultofmyth.com\/wp-content\/uploads\/2025\/07\/d6db7ea4-icon.png\" alt=\"\">\n            \n            \n            \n        <\/div>\n            <div class=\"infobox-content\">\n        <div><p>cultofmyth@gmail.com<\/p><\/div>        <\/div>\n            <\/div>\n\n\t\t\t\t\t\t<\/div>\n\t\t\t\t\t<\/div>\n\t\t<\/div>\n\t\t\t\t\t<\/div>\n\t\t<\/section>\n\t\t\t\t\t<\/div>\n\t\t<\/div>\n\t\t\t\t\t<\/div>\n\t\t<\/section>\n\t\t\t\t<section class=\"elementor-section elementor-top-section elementor-element elementor-element-07c6b1e elementor-section-full_width elementor-section-height-default elementor-section-height-default\" data-id=\"07c6b1e\" data-element_type=\"section\">\n\t\t\t\t\t\t<div class=\"elementor-container elementor-column-gap-no\">\n\t\t\t\t\t<div class=\"elementor-column elementor-col-100 elementor-top-column elementor-element elementor-element-b69b105\" data-id=\"b69b105\" data-element_type=\"column\">\n\t\t\t<div class=\"elementor-widget-wrap elementor-element-populated\">\n\t\t\t\t\t\t<section class=\"elementor-section elementor-inner-section elementor-element elementor-element-e53104a elementor-section-boxed elementor-section-height-default elementor-section-height-default\" data-id=\"e53104a\" data-element_type=\"section\">\n\t\t\t\t\t\t<div class=\"elementor-container elementor-column-gap-default\">\n\t\t\t\t\t<div class=\"elementor-column elementor-col-100 elementor-inner-column elementor-element elementor-element-726e404\" data-id=\"726e404\" data-element_type=\"column\">\n\t\t\t<div class=\"elementor-widget-wrap elementor-element-populated\">\n\t\t\t\t\t\t<div class=\"elementor-element elementor-element-52ea918 elementor-invisible elementor-widget elementor-widget-heading\" data-id=\"52ea918\" data-element_type=\"widget\" data-settings=\"{&quot;_animation&quot;:&quot;fadeIn&quot;}\" data-widget_type=\"heading.default\">\n\t\t\t\t\t<h2 class=\"elementor-heading-title elementor-size-default\">EXPLORA NUESTRAS COLECCIONES<\/h2>\t\t\t\t<\/div>\n\t\t<div class=\"elementor-element elementor-element-ccdae0f e-flex e-con-boxed e-con e-parent\" data-id=\"ccdae0f\" data-element_type=\"container\">\n\t\t\t\t\t<div class=\"e-con-inner\">\n\t\t\t\t<div class=\"elementor-element elementor-element-570f8bb elementor-widget elementor-widget-html\" data-id=\"570f8bb\" data-element_type=\"widget\" data-widget_type=\"html.default\">\n\t\t\t\t\t<div class=\"cm-cols\">\r\n  <style>\r\n    .cm-cols{font-family:system-ui,-apple-system,Segoe UI,Roboto,Arial,sans-serif;width:100%}\r\n    .cm-cols__grid{display:grid;grid-template-columns:repeat(3,1fr);gap:26px;align-items:start}\r\n    .cm-col{text-decoration:none;color:#0b0b0b;display:block}\r\n    .cm-col__card{position:relative;aspect-ratio:1\/1;background:#ffffff;border:1px solid rgba(11,11,11,.10);overflow:hidden;display:flex;align-items:center;justify-content:center;transition:transform .18s ease,box-shadow .18s ease,border-color .18s ease}\r\n    .cm-col:hover .cm-col__card{transform:translateY(-3px);border-color:#f5c400;box-shadow:0 20px 40px rgba(0,0,0,.08)}\r\n    .cm-col__logo{position:relative;z-index:2;font-weight:1000;text-transform:uppercase;letter-spacing:-1px;font-size:clamp(34px,4vw,70px);line-height:1}\r\n    .cm-col__meta{display:flex;align-items:center;justify-content:space-between;gap:12px;margin-top:12px;font-size:14px;letter-spacing:.6px;text-transform:uppercase;font-weight:800}\r\n    .cm-col__arrow{font-weight:900}\r\n    @media (max-width:1024px){.cm-cols__grid{grid-template-columns:repeat(2,1fr)}}\r\n    @media (max-width:560px){.cm-cols__grid{grid-template-columns:1fr}}\r\n  <\/style>\r\n\r\n  <div class=\"cm-cols__grid\">\r\n\r\n    <a class=\"cm-col\" href=\"https:\/\/cultofmyth.com\/index.php\/gloria-boutique-product\/?coleccion=elysium\">\r\n      <div class=\"cm-col__card\"><div class=\"cm-col__logo\">ELYSIUM<\/div><\/div>\r\n      <div class=\"cm-col__meta\"><span>ELYSIUM<\/span><span class=\"cm-col__arrow\">\u2192<\/span><\/div>\r\n    <\/a>\r\n\r\n    <a class=\"cm-col\" href=\"https:\/\/cultofmyth.com\/index.php\/gloria-boutique-product\/?coleccion=wild\">\r\n      <div class=\"cm-col__card\"><div class=\"cm-col__logo\">WILD<\/div><\/div>\r\n      <div class=\"cm-col__meta\"><span>WILD<\/span><span class=\"cm-col__arrow\">\u2192<\/span><\/div>\r\n    <\/a>\r\n\r\n    <a class=\"cm-col\" href=\"https:\/\/cultofmyth.com\/index.php\/gloria-boutique-product\/?coleccion=classic\">\r\n      <div class=\"cm-col__card\"><div class=\"cm-col__logo\">CLASSIC<\/div><\/div>\r\n      <div class=\"cm-col__meta\"><span>CLASSIC<\/span><span class=\"cm-col__arrow\">\u2192<\/span><\/div>\r\n    <\/a>\r\n\r\n    <a class=\"cm-col\" href=\"https:\/\/cultofmyth.com\/index.php\/gloria-boutique-product\/?coleccion=myth\">\r\n      <div class=\"cm-col__card\"><div class=\"cm-col__logo\">MYTH<\/div><\/div>\r\n      <div class=\"cm-col__meta\"><span>MYTH<\/span><span class=\"cm-col__arrow\">\u2192<\/span><\/div>\r\n    <\/a>\r\n\r\n    <a class=\"cm-col\" href=\"https:\/\/cultofmyth.com\/index.php\/gloria-boutique-product\/?coleccion=legends\">\r\n      <div class=\"cm-col__card\"><div class=\"cm-col__logo\">LEGENDS<\/div><\/div>\r\n      <div class=\"cm-col__meta\"><span>LEGENDS<\/span><span class=\"cm-col__arrow\">\u2192<\/span><\/div>\r\n    <\/a>\r\n\r\n  <\/div>\r\n<\/div>\r\n\t\t\t\t<\/div>\n\t\t\t\t\t<\/div>\n\t\t\t\t<\/div>\n\t\t\t\t\t<\/div>\n\t\t<\/div>\n\t\t\t\t\t<\/div>\n\t\t<\/section>\n\t\t\t\t\t<\/div>\n\t\t<\/div>\n\t\t\t\t\t<\/div>\n\t\t<\/section>\n\t\t\t\t<\/div>\n\t\t","protected":false},"excerpt":{"rendered":"<p>Contacto Cu\u00e9ntanos en qu\u00e9 podemos ayudarte y te responderemos lo antes posible. Nombre Email Asunto Valencia +695721795 cultofmyth@gmail.com EXPLORA NUESTRAS COLECCIONES ELYSIUM ELYSIUM\u2192 WILD WILD\u2192 CLASSIC CLASSIC\u2192 MYTH MYTH\u2192 LEGENDS LEGENDS\u2192<\/p>\n","protected":false},"author":2,"featured_media":0,"parent":0,"menu_order":0,"comment_status":"closed","ping_status":"closed","template":"elementor_header_footer","meta":{"_eb_attr":"","footnotes":""},"class_list":["post-68","page","type-page","status-publish","hentry"],"yoast_head":"<!-- This site is optimized with the Yoast SEO plugin v26.8 - https:\/\/yoast.com\/product\/yoast-seo-wordpress\/ -->\n<title>Gloria-Boutique-Contact - cult of myth<\/title>\n<meta name=\"robots\" content=\"index, follow, max-snippet:-1, max-image-preview:large, max-video-preview:-1\" \/>\n<link rel=\"canonical\" href=\"https:\/\/cultofmyth.com\/index.php\/gloria-boutique-contact\/\" \/>\n<meta property=\"og:locale\" content=\"es_ES\" \/>\n<meta property=\"og:type\" content=\"article\" \/>\n<meta property=\"og:title\" content=\"Gloria-Boutique-Contact - cult of myth\" \/>\n<meta property=\"og:description\" content=\"Contacto Cu\u00e9ntanos en qu\u00e9 podemos ayudarte y te responderemos lo antes posible. Nombre Email Asunto Valencia +695721795 cultofmyth@gmail.com EXPLORA NUESTRAS COLECCIONES ELYSIUM ELYSIUM\u2192 WILD WILD\u2192 CLASSIC CLASSIC\u2192 MYTH MYTH\u2192 LEGENDS LEGENDS\u2192\" \/>\n<meta property=\"og:url\" content=\"https:\/\/cultofmyth.com\/index.php\/gloria-boutique-contact\/\" \/>\n<meta property=\"og:site_name\" content=\"cult of myth\" \/>\n<meta property=\"article:modified_time\" content=\"2026-01-14T10:44:50+00:00\" \/>\n<meta property=\"og:image\" content=\"https:\/\/cultofmyth.com\/wp-content\/uploads\/2024\/03\/04fd4668-star.png\" \/>\n<meta name=\"twitter:card\" content=\"summary_large_image\" \/>\n<meta name=\"twitter:label1\" content=\"Tiempo de lectura\" \/>\n\t<meta name=\"twitter:data1\" content=\"1 minuto\" \/>\n<script type=\"application\/ld+json\" class=\"yoast-schema-graph\">{\"@context\":\"https:\/\/schema.org\",\"@graph\":[{\"@type\":\"WebPage\",\"@id\":\"https:\/\/cultofmyth.com\/index.php\/gloria-boutique-contact\/\",\"url\":\"https:\/\/cultofmyth.com\/index.php\/gloria-boutique-contact\/\",\"name\":\"Gloria-Boutique-Contact - cult of myth\",\"isPartOf\":{\"@id\":\"https:\/\/cultofmyth.com\/#website\"},\"primaryImageOfPage\":{\"@id\":\"https:\/\/cultofmyth.com\/index.php\/gloria-boutique-contact\/#primaryimage\"},\"image\":{\"@id\":\"https:\/\/cultofmyth.com\/index.php\/gloria-boutique-contact\/#primaryimage\"},\"thumbnailUrl\":\"https:\/\/cultofmyth.com\/wp-content\/uploads\/2024\/03\/04fd4668-star.png\",\"datePublished\":\"2026-01-13T15:16:19+00:00\",\"dateModified\":\"2026-01-14T10:44:50+00:00\",\"breadcrumb\":{\"@id\":\"https:\/\/cultofmyth.com\/index.php\/gloria-boutique-contact\/#breadcrumb\"},\"inLanguage\":\"es\",\"potentialAction\":[{\"@type\":\"ReadAction\",\"target\":[\"https:\/\/cultofmyth.com\/index.php\/gloria-boutique-contact\/\"]}]},{\"@type\":\"ImageObject\",\"inLanguage\":\"es\",\"@id\":\"https:\/\/cultofmyth.com\/index.php\/gloria-boutique-contact\/#primaryimage\",\"url\":\"https:\/\/cultofmyth.com\/wp-content\/uploads\/2024\/03\/04fd4668-star.png\",\"contentUrl\":\"https:\/\/cultofmyth.com\/wp-content\/uploads\/2024\/03\/04fd4668-star.png\",\"width\":25,\"height\":25},{\"@type\":\"BreadcrumbList\",\"@id\":\"https:\/\/cultofmyth.com\/index.php\/gloria-boutique-contact\/#breadcrumb\",\"itemListElement\":[{\"@type\":\"ListItem\",\"position\":1,\"name\":\"Portada\",\"item\":\"https:\/\/cultofmyth.com\/\"},{\"@type\":\"ListItem\",\"position\":2,\"name\":\"Gloria-Boutique-Contact\"}]},{\"@type\":\"WebSite\",\"@id\":\"https:\/\/cultofmyth.com\/#website\",\"url\":\"https:\/\/cultofmyth.com\/\",\"name\":\"cult of myth\",\"description\":\"cult of myth es una marca de ropa urbana inspirada en la cultura street: camisetas oversize, sudaderas con capucha, pantalones cargo, ch\u00e1ndal premium y accesorios con identidad propia. Dise\u00f1os actuales, comodidad real y estilo para el d\u00eda a d\u00eda. Descubre nuestra colecci\u00f3n de streetwear con drops limitados, b\u00e1sicos esenciales y prendas pensadas para combinar en cualquier look. Moda urbana para quienes visten actitud.\",\"publisher\":{\"@id\":\"https:\/\/cultofmyth.com\/#organization\"},\"potentialAction\":[{\"@type\":\"SearchAction\",\"target\":{\"@type\":\"EntryPoint\",\"urlTemplate\":\"https:\/\/cultofmyth.com\/?s={search_term_string}\"},\"query-input\":{\"@type\":\"PropertyValueSpecification\",\"valueRequired\":true,\"valueName\":\"search_term_string\"}}],\"inLanguage\":\"es\"},{\"@type\":\"Organization\",\"@id\":\"https:\/\/cultofmyth.com\/#organization\",\"name\":\"cult of myth\",\"url\":\"https:\/\/cultofmyth.com\/\",\"logo\":{\"@type\":\"ImageObject\",\"inLanguage\":\"es\",\"@id\":\"https:\/\/cultofmyth.com\/#\/schema\/logo\/image\/\",\"url\":\"https:\/\/cultofmyth.com\/wp-content\/uploads\/2026\/01\/Sin_titulo_250_x_200_px_625_x_125_px_1.webp\",\"contentUrl\":\"https:\/\/cultofmyth.com\/wp-content\/uploads\/2026\/01\/Sin_titulo_250_x_200_px_625_x_125_px_1.webp\",\"width\":625,\"height\":125,\"caption\":\"cult of myth\"},\"image\":{\"@id\":\"https:\/\/cultofmyth.com\/#\/schema\/logo\/image\/\"}}]}<\/script>\n<!-- \/ Yoast SEO plugin. -->","yoast_head_json":{"title":"Gloria-Boutique-Contact - cult of myth","robots":{"index":"index","follow":"follow","max-snippet":"max-snippet:-1","max-image-preview":"max-image-preview:large","max-video-preview":"max-video-preview:-1"},"canonical":"https:\/\/cultofmyth.com\/index.php\/gloria-boutique-contact\/","og_locale":"es_ES","og_type":"article","og_title":"Gloria-Boutique-Contact - cult of myth","og_description":"Contacto Cu\u00e9ntanos en qu\u00e9 podemos ayudarte y te responderemos lo antes posible. Nombre Email Asunto Valencia +695721795 cultofmyth@gmail.com EXPLORA NUESTRAS COLECCIONES ELYSIUM ELYSIUM\u2192 WILD WILD\u2192 CLASSIC CLASSIC\u2192 MYTH MYTH\u2192 LEGENDS LEGENDS\u2192","og_url":"https:\/\/cultofmyth.com\/index.php\/gloria-boutique-contact\/","og_site_name":"cult of myth","article_modified_time":"2026-01-14T10:44:50+00:00","og_image":[{"url":"https:\/\/cultofmyth.com\/wp-content\/uploads\/2024\/03\/04fd4668-star.png","type":"","width":"","height":""}],"twitter_card":"summary_large_image","twitter_misc":{"Tiempo de lectura":"1 minuto"},"schema":{"@context":"https:\/\/schema.org","@graph":[{"@type":"WebPage","@id":"https:\/\/cultofmyth.com\/index.php\/gloria-boutique-contact\/","url":"https:\/\/cultofmyth.com\/index.php\/gloria-boutique-contact\/","name":"Gloria-Boutique-Contact - cult of myth","isPartOf":{"@id":"https:\/\/cultofmyth.com\/#website"},"primaryImageOfPage":{"@id":"https:\/\/cultofmyth.com\/index.php\/gloria-boutique-contact\/#primaryimage"},"image":{"@id":"https:\/\/cultofmyth.com\/index.php\/gloria-boutique-contact\/#primaryimage"},"thumbnailUrl":"https:\/\/cultofmyth.com\/wp-content\/uploads\/2024\/03\/04fd4668-star.png","datePublished":"2026-01-13T15:16:19+00:00","dateModified":"2026-01-14T10:44:50+00:00","breadcrumb":{"@id":"https:\/\/cultofmyth.com\/index.php\/gloria-boutique-contact\/#breadcrumb"},"inLanguage":"es","potentialAction":[{"@type":"ReadAction","target":["https:\/\/cultofmyth.com\/index.php\/gloria-boutique-contact\/"]}]},{"@type":"ImageObject","inLanguage":"es","@id":"https:\/\/cultofmyth.com\/index.php\/gloria-boutique-contact\/#primaryimage","url":"https:\/\/cultofmyth.com\/wp-content\/uploads\/2024\/03\/04fd4668-star.png","contentUrl":"https:\/\/cultofmyth.com\/wp-content\/uploads\/2024\/03\/04fd4668-star.png","width":25,"height":25},{"@type":"BreadcrumbList","@id":"https:\/\/cultofmyth.com\/index.php\/gloria-boutique-contact\/#breadcrumb","itemListElement":[{"@type":"ListItem","position":1,"name":"Portada","item":"https:\/\/cultofmyth.com\/"},{"@type":"ListItem","position":2,"name":"Gloria-Boutique-Contact"}]},{"@type":"WebSite","@id":"https:\/\/cultofmyth.com\/#website","url":"https:\/\/cultofmyth.com\/","name":"cult of myth","description":"cult of myth es una marca de ropa urbana inspirada en la cultura street: camisetas oversize, sudaderas con capucha, pantalones cargo, ch\u00e1ndal premium y accesorios con identidad propia. Dise\u00f1os actuales, comodidad real y estilo para el d\u00eda a d\u00eda. Descubre nuestra colecci\u00f3n de streetwear con drops limitados, b\u00e1sicos esenciales y prendas pensadas para combinar en cualquier look. Moda urbana para quienes visten actitud.","publisher":{"@id":"https:\/\/cultofmyth.com\/#organization"},"potentialAction":[{"@type":"SearchAction","target":{"@type":"EntryPoint","urlTemplate":"https:\/\/cultofmyth.com\/?s={search_term_string}"},"query-input":{"@type":"PropertyValueSpecification","valueRequired":true,"valueName":"search_term_string"}}],"inLanguage":"es"},{"@type":"Organization","@id":"https:\/\/cultofmyth.com\/#organization","name":"cult of myth","url":"https:\/\/cultofmyth.com\/","logo":{"@type":"ImageObject","inLanguage":"es","@id":"https:\/\/cultofmyth.com\/#\/schema\/logo\/image\/","url":"https:\/\/cultofmyth.com\/wp-content\/uploads\/2026\/01\/Sin_titulo_250_x_200_px_625_x_125_px_1.webp","contentUrl":"https:\/\/cultofmyth.com\/wp-content\/uploads\/2026\/01\/Sin_titulo_250_x_200_px_625_x_125_px_1.webp","width":625,"height":125,"caption":"cult of myth"},"image":{"@id":"https:\/\/cultofmyth.com\/#\/schema\/logo\/image\/"}}]}},"jetpack_sharing_enabled":true,"_links":{"self":[{"href":"https:\/\/cultofmyth.com\/index.php\/wp-json\/wp\/v2\/pages\/68","targetHints":{"allow":["GET"]}}],"collection":[{"href":"https:\/\/cultofmyth.com\/index.php\/wp-json\/wp\/v2\/pages"}],"about":[{"href":"https:\/\/cultofmyth.com\/index.php\/wp-json\/wp\/v2\/types\/page"}],"author":[{"embeddable":true,"href":"https:\/\/cultofmyth.com\/index.php\/wp-json\/wp\/v2\/users\/2"}],"replies":[{"embeddable":true,"href":"https:\/\/cultofmyth.com\/index.php\/wp-json\/wp\/v2\/comments?post=68"}],"version-history":[{"count":25,"href":"https:\/\/cultofmyth.com\/index.php\/wp-json\/wp\/v2\/pages\/68\/revisions"}],"predecessor-version":[{"id":323,"href":"https:\/\/cultofmyth.com\/index.php\/wp-json\/wp\/v2\/pages\/68\/revisions\/323"}],"wp:attachment":[{"href":"https:\/\/cultofmyth.com\/index.php\/wp-json\/wp\/v2\/media?parent=68"}],"curies":[{"name":"wp","href":"https:\/\/api.w.org\/{rel}","templated":true}]}}